{"id":1816,"date":"2020-08-12T14:42:18","date_gmt":"2020-08-12T12:42:18","guid":{"rendered":"http:\/\/www.itap.it\/certifications\/"},"modified":"2025-05-06T11:41:11","modified_gmt":"2025-05-06T09:41:11","slug":"qualitaet-zertifizierungen","status":"publish","type":"page","link":"https:\/\/www.itap.it\/de\/qualitaet-zertifizierungen\/","title":{"rendered":"Qualit\u00e4t &#038; Zertifizierungen"},"content":{"rendered":"","protected":false},"excerpt":{"rendered":"","protected":false},"author":1,"featured_media":0,"parent":0,"menu_order":0,"comment_status":"closed","ping_status":"closed","template":"page-certificazioni.php","meta":{"_acf_changed":false,"footnotes":""},"class_list":["post-1816","page","type-page","status-publish","hentry"],"acf":[],"yoast_head":"<!-- This site is optimized with the Yoast SEO plugin v27.4 - https:\/\/yoast.com\/product\/yoast-seo-wordpress\/ -->\n<title>Zertifizierte Ventile, Anschlussst\u00fccke und Verteiler | Itap<\/title>\n<meta name=\"description\" content=\"Das gesamte ITAP-Sortiment an Ventilen, Anschluss- und Reduzierst\u00fccken f\u00fcr Sanit\u00e4r und Heizung wird von \u00fcber 30 Zertifizierungsstellen zertifiziert.\" \/>\n<meta name=\"robots\" content=\"index, follow, max-snippet:-1, max-image-preview:large, max-video-preview:-1\" \/>\n<link rel=\"canonical\" href=\"https:\/\/www.itap.it\/de\/qualitaet-zertifizierungen\/\" \/>\n<meta property=\"og:locale\" content=\"de_DE\" \/>\n<meta property=\"og:type\" content=\"article\" \/>\n<meta property=\"og:title\" content=\"Zertifizierte Ventile, Anschlussst\u00fccke und Verteiler | Itap\" \/>\n<meta property=\"og:description\" content=\"Das gesamte ITAP-Sortiment an Ventilen, Anschluss- und Reduzierst\u00fccken f\u00fcr Sanit\u00e4r und Heizung wird von \u00fcber 30 Zertifizierungsstellen zertifiziert.\" \/>\n<meta property=\"og:url\" content=\"https:\/\/www.itap.it\/de\/qualitaet-zertifizierungen\/\" \/>\n<meta property=\"og:site_name\" content=\"Itap\" \/>\n<meta property=\"article:publisher\" content=\"https:\/\/www.facebook.com\/ITAPspa\/\" \/>\n<meta property=\"article:modified_time\" content=\"2025-05-06T09:41:11+00:00\" \/>\n<meta property=\"og:image\" content=\"https:\/\/www.itap.it\/wp-content\/uploads\/itap-logo.jpg\" \/>\n\t<meta property=\"og:image:width\" content=\"1200\" \/>\n\t<meta property=\"og:image:height\" content=\"675\" \/>\n\t<meta property=\"og:image:type\" content=\"image\/jpeg\" \/>\n<meta name=\"twitter:card\" content=\"summary_large_image\" \/>\n<script type=\"application\/ld+json\" class=\"yoast-schema-graph\">{\"@context\":\"https:\\\/\\\/schema.org\",\"@graph\":[{\"@type\":\"WebPage\",\"@id\":\"https:\\\/\\\/www.itap.it\\\/de\\\/qualitaet-zertifizierungen\\\/\",\"url\":\"https:\\\/\\\/www.itap.it\\\/de\\\/qualitaet-zertifizierungen\\\/\",\"name\":\"Zertifizierte Ventile, Anschlussst\u00fccke und Verteiler | Itap\",\"isPartOf\":{\"@id\":\"https:\\\/\\\/www.itap.it\\\/de\\\/#website\"},\"datePublished\":\"2020-08-12T12:42:18+00:00\",\"dateModified\":\"2025-05-06T09:41:11+00:00\",\"description\":\"Das gesamte ITAP-Sortiment an Ventilen, Anschluss- und Reduzierst\u00fccken f\u00fcr Sanit\u00e4r und Heizung wird von \u00fcber 30 Zertifizierungsstellen zertifiziert.\",\"breadcrumb\":{\"@id\":\"https:\\\/\\\/www.itap.it\\\/de\\\/qualitaet-zertifizierungen\\\/#breadcrumb\"},\"inLanguage\":\"de\",\"potentialAction\":[{\"@type\":\"ReadAction\",\"target\":[\"https:\\\/\\\/www.itap.it\\\/de\\\/qualitaet-zertifizierungen\\\/\"]}]},{\"@type\":\"BreadcrumbList\",\"@id\":\"https:\\\/\\\/www.itap.it\\\/de\\\/qualitaet-zertifizierungen\\\/#breadcrumb\",\"itemListElement\":[{\"@type\":\"ListItem\",\"position\":1,\"name\":\"Home\",\"item\":\"https:\\\/\\\/www.itap.it\\\/de\\\/\"},{\"@type\":\"ListItem\",\"position\":2,\"name\":\"Qualit\u00e4t &#038; Zertifizierungen\"}]},{\"@type\":\"WebSite\",\"@id\":\"https:\\\/\\\/www.itap.it\\\/de\\\/#website\",\"url\":\"https:\\\/\\\/www.itap.it\\\/de\\\/\",\"name\":\"Itap\",\"description\":\"\",\"publisher\":{\"@id\":\"https:\\\/\\\/www.itap.it\\\/de\\\/#organization\"},\"potentialAction\":[{\"@type\":\"SearchAction\",\"target\":{\"@type\":\"EntryPoint\",\"urlTemplate\":\"https:\\\/\\\/www.itap.it\\\/de\\\/?s={search_term_string}\"},\"query-input\":{\"@type\":\"PropertyValueSpecification\",\"valueRequired\":true,\"valueName\":\"search_term_string\"}}],\"inLanguage\":\"de\"},{\"@type\":\"Organization\",\"@id\":\"https:\\\/\\\/www.itap.it\\\/de\\\/#organization\",\"name\":\"ITAP S.p.A\",\"url\":\"https:\\\/\\\/www.itap.it\\\/de\\\/\",\"logo\":{\"@type\":\"ImageObject\",\"inLanguage\":\"de\",\"@id\":\"https:\\\/\\\/www.itap.it\\\/de\\\/#\\\/schema\\\/logo\\\/image\\\/\",\"url\":\"https:\\\/\\\/www.itap.it\\\/wp-content\\\/uploads\\\/itap-logo-red.png\",\"contentUrl\":\"https:\\\/\\\/www.itap.it\\\/wp-content\\\/uploads\\\/itap-logo-red.png\",\"width\":3840,\"height\":1351,\"caption\":\"ITAP S.p.A\"},\"image\":{\"@id\":\"https:\\\/\\\/www.itap.it\\\/de\\\/#\\\/schema\\\/logo\\\/image\\\/\"},\"sameAs\":[\"https:\\\/\\\/www.facebook.com\\\/ITAPspa\\\/\",\"https:\\\/\\\/www.instagram.com\\\/itapspa\",\"https:\\\/\\\/www.linkedin.com\\\/company\\\/itapspa-valves-heating-fittings\\\/\"]}]}<\/script>\n<!-- \/ Yoast SEO plugin. -->","yoast_head_json":{"title":"Zertifizierte Ventile, Anschlussst\u00fccke und Verteiler | Itap","description":"Das gesamte ITAP-Sortiment an Ventilen, Anschluss- und Reduzierst\u00fccken f\u00fcr Sanit\u00e4r und Heizung wird von \u00fcber 30 Zertifizierungsstellen zertifiziert.","robots":{"index":"index","follow":"follow","max-snippet":"max-snippet:-1","max-image-preview":"max-image-preview:large","max-video-preview":"max-video-preview:-1"},"canonical":"https:\/\/www.itap.it\/de\/qualitaet-zertifizierungen\/","og_locale":"de_DE","og_type":"article","og_title":"Zertifizierte Ventile, Anschlussst\u00fccke und Verteiler | Itap","og_description":"Das gesamte ITAP-Sortiment an Ventilen, Anschluss- und Reduzierst\u00fccken f\u00fcr Sanit\u00e4r und Heizung wird von \u00fcber 30 Zertifizierungsstellen zertifiziert.","og_url":"https:\/\/www.itap.it\/de\/qualitaet-zertifizierungen\/","og_site_name":"Itap","article_publisher":"https:\/\/www.facebook.com\/ITAPspa\/","article_modified_time":"2025-05-06T09:41:11+00:00","og_image":[{"width":1200,"height":675,"url":"https:\/\/www.itap.it\/wp-content\/uploads\/itap-logo.jpg","type":"image\/jpeg"}],"twitter_card":"summary_large_image","schema":{"@context":"https:\/\/schema.org","@graph":[{"@type":"WebPage","@id":"https:\/\/www.itap.it\/de\/qualitaet-zertifizierungen\/","url":"https:\/\/www.itap.it\/de\/qualitaet-zertifizierungen\/","name":"Zertifizierte Ventile, Anschlussst\u00fccke und Verteiler | Itap","isPartOf":{"@id":"https:\/\/www.itap.it\/de\/#website"},"datePublished":"2020-08-12T12:42:18+00:00","dateModified":"2025-05-06T09:41:11+00:00","description":"Das gesamte ITAP-Sortiment an Ventilen, Anschluss- und Reduzierst\u00fccken f\u00fcr Sanit\u00e4r und Heizung wird von \u00fcber 30 Zertifizierungsstellen zertifiziert.","breadcrumb":{"@id":"https:\/\/www.itap.it\/de\/qualitaet-zertifizierungen\/#breadcrumb"},"inLanguage":"de","potentialAction":[{"@type":"ReadAction","target":["https:\/\/www.itap.it\/de\/qualitaet-zertifizierungen\/"]}]},{"@type":"BreadcrumbList","@id":"https:\/\/www.itap.it\/de\/qualitaet-zertifizierungen\/#breadcrumb","itemListElement":[{"@type":"ListItem","position":1,"name":"Home","item":"https:\/\/www.itap.it\/de\/"},{"@type":"ListItem","position":2,"name":"Qualit\u00e4t &#038; Zertifizierungen"}]},{"@type":"WebSite","@id":"https:\/\/www.itap.it\/de\/#website","url":"https:\/\/www.itap.it\/de\/","name":"Itap","description":"","publisher":{"@id":"https:\/\/www.itap.it\/de\/#organization"},"potentialAction":[{"@type":"SearchAction","target":{"@type":"EntryPoint","urlTemplate":"https:\/\/www.itap.it\/de\/?s={search_term_string}"},"query-input":{"@type":"PropertyValueSpecification","valueRequired":true,"valueName":"search_term_string"}}],"inLanguage":"de"},{"@type":"Organization","@id":"https:\/\/www.itap.it\/de\/#organization","name":"ITAP S.p.A","url":"https:\/\/www.itap.it\/de\/","logo":{"@type":"ImageObject","inLanguage":"de","@id":"https:\/\/www.itap.it\/de\/#\/schema\/logo\/image\/","url":"https:\/\/www.itap.it\/wp-content\/uploads\/itap-logo-red.png","contentUrl":"https:\/\/www.itap.it\/wp-content\/uploads\/itap-logo-red.png","width":3840,"height":1351,"caption":"ITAP S.p.A"},"image":{"@id":"https:\/\/www.itap.it\/de\/#\/schema\/logo\/image\/"},"sameAs":["https:\/\/www.facebook.com\/ITAPspa\/","https:\/\/www.instagram.com\/itapspa","https:\/\/www.linkedin.com\/company\/itapspa-valves-heating-fittings\/"]}]}},"_links":{"self":[{"href":"https:\/\/www.itap.it\/de\/wp-json\/wp\/v2\/pages\/1816","targetHints":{"allow":["GET"]}}],"collection":[{"href":"https:\/\/www.itap.it\/de\/wp-json\/wp\/v2\/pages"}],"about":[{"href":"https:\/\/www.itap.it\/de\/wp-json\/wp\/v2\/types\/page"}],"author":[{"embeddable":true,"href":"https:\/\/www.itap.it\/de\/wp-json\/wp\/v2\/users\/1"}],"replies":[{"embeddable":true,"href":"https:\/\/www.itap.it\/de\/wp-json\/wp\/v2\/comments?post=1816"}],"version-history":[{"count":15,"href":"https:\/\/www.itap.it\/de\/wp-json\/wp\/v2\/pages\/1816\/revisions"}],"predecessor-version":[{"id":59965,"href":"https:\/\/www.itap.it\/de\/wp-json\/wp\/v2\/pages\/1816\/revisions\/59965"}],"wp:attachment":[{"href":"https:\/\/www.itap.it\/de\/wp-json\/wp\/v2\/media?parent=1816"}],"curies":[{"name":"wp","href":"https:\/\/api.w.org\/{rel}","templated":true}]}}