{"id":1872,"date":"2020-08-10T09:30:41","date_gmt":"2020-08-10T07:30:41","guid":{"rendered":"http:\/\/www.itap.it\/conditions-generales-de-vente\/"},"modified":"2020-09-15T18:59:30","modified_gmt":"2020-09-15T16:59:30","slug":"allgemeine-verkaufsbedingungen","status":"publish","type":"page","link":"https:\/\/www.itap.it\/de\/allgemeine-verkaufsbedingungen\/","title":{"rendered":"Allgemeine Verkaufsbedingungen"},"content":{"rendered":"\n<ol class=\"wp-block-list\"><li>Die hier vorliegenden Allgemeinen Gesch\u00e4ftsbedingungen werden durch die Aufgabe der Bestellung vom Kunden akzeptiert.<\/li><li>Alle Zeichnungen oder technische Dokumente bez\u00fcglich unserer Produkte, auch wenn sie dem Kunden zugesendet werden, bleiben Eigentum des Unternehmens und d\u00fcrfen vom Kunden ohne unsere Genehmigung nicht kopiert, vervielf\u00e4ltigt, \u00fcbertragen oder an Dritte weitergegeben werden.<\/li><li>Der Kunde darf aus keinem Grund Material ohne die ausdr\u00fcckliche Genehmigung durch unser Verkaufsb\u00fcro zur\u00fcckgeben. Die Reklamationen f\u00fcr fehlende oder falsch zugesendete Ware m\u00fcssen innerhalb von 30 Tagen ab dem Erhalt der Ware erfolgen.<\/li><li>Die Produkte haben eine Garantie f\u00fcr Herstellungsfehler mit einer G\u00fcltigkeit von 24 Monaten ab dem Versand. Wir lehnen jede Verantwortung ab, die auf eine falsche Installation oder eine Verwendung zur\u00fcckzuf\u00fchren ist, die nicht mit den Betriebsbedingungen, die im Katalog der verkauften Produkten konform ist.<\/li><li>Eventuelle Reklamationen oder Beanstandungen berechtigen den kunden nicht, die Zahlungen der Lieferung auszulassen oder zu verz\u00f6gern.<\/li><li>Die Lieferbedingungen der einzelnen Bestellungen m\u00fcssen mit der Erh\u00e4ltlichkeit der Ware beim Verk\u00e4ufer kompatibel sein und werden bei der Bestellung vereinbart.<\/li><li>Alle Produkte werden Eigentum des Kunden beim Versand, im Lager des Verk\u00e4ufers.<\/li><li>Bei Dauerlieferungen k\u00f6nnen wir die Lieferungen einstellen, falls der K\u00e4ufer eine der vereinbarten besonderen oder allgemeinen Bedingungen nicht erf\u00fcllt.<\/li><li>Das Lager f\u00fcr das Laden der Ware ist das folgende: ITAP SpA, Via Industriale 39, Industriegebiet Moie, 25050 Rodengo Saiano, Brescia, Italy.<\/li><li>Eventuelle Ausnahmen von besonderen und \/ oder allgemeinen Bedingungen m\u00fcssen zwischen den Parteien schriftlich vereinbart werden.<\/li><li>F\u00fcr s\u00e4mtliche rechtliche Streitigkeiten ist der Gerichtsstand das Gericht von Brescia.<\/li><\/ol>\n\n\n\n<p>Eventuelle Sch\u00e4den, welche von einem unserer Produkte verursacht werden k\u00f6nnen, m\u00fcssen uns sofort&nbsp; gemeldet werden. Es muss uns der Name des Besch\u00e4digte und der gesch\u00e4zte Wert der Sch\u00e4den auch mitgeteilt werden. Als weitere Information brauchen wir Fotos von der Sch\u00e4den und von dem angeblich defekten Produkt, zur technischen \u00dcberpr\u00fcfung. Alles, was f\u00fcr die genaue Bewertung der Sch\u00e4den von Bedeutung sein kann, muss zu unserer Verf\u00fcgung gehalten werden, bis der Vorgang zu Ende kommt.<\/p>\n\n\n\n<p>Diese Vorgehensweise ist n\u00f6tig, um unsere Versicherung einzuschalten.<\/p>\n","protected":false},"excerpt":{"rendered":"<p>Die hier vorliegenden Allgemeinen Gesch\u00e4ftsbedingungen werden durch die Aufgabe der Bestellung vom Kunden akzeptiert. Alle Zeichnungen oder technische Dokumente bez\u00fcglich unserer Produkte, auch wenn sie [&hellip;]<\/p>\n","protected":false},"author":1,"featured_media":0,"parent":0,"menu_order":0,"comment_status":"closed","ping_status":"closed","template":"","meta":{"_acf_changed":false,"footnotes":""},"class_list":["post-1872","page","type-page","status-publish","hentry"],"acf":[],"yoast_head":"<!-- This site is optimized with the Yoast SEO plugin v27.4 - https:\/\/yoast.com\/product\/yoast-seo-wordpress\/ -->\n<title>Allgemeine Verkaufsbedingungen | Itap<\/title>\n<meta name=\"robots\" content=\"index, follow, max-snippet:-1, max-image-preview:large, max-video-preview:-1\" \/>\n<link rel=\"canonical\" href=\"https:\/\/www.itap.it\/de\/allgemeine-verkaufsbedingungen\/\" \/>\n<meta property=\"og:locale\" content=\"de_DE\" \/>\n<meta property=\"og:type\" content=\"article\" \/>\n<meta property=\"og:title\" content=\"Allgemeine Verkaufsbedingungen | Itap\" \/>\n<meta property=\"og:description\" content=\"Die hier vorliegenden Allgemeinen Gesch\u00e4ftsbedingungen werden durch die Aufgabe der Bestellung vom Kunden akzeptiert. Alle Zeichnungen oder technische Dokumente bez\u00fcglich unserer Produkte, auch wenn sie [&hellip;]\" \/>\n<meta property=\"og:url\" content=\"https:\/\/www.itap.it\/de\/allgemeine-verkaufsbedingungen\/\" \/>\n<meta property=\"og:site_name\" content=\"Itap\" \/>\n<meta property=\"article:publisher\" content=\"https:\/\/www.facebook.com\/ITAPspa\/\" \/>\n<meta property=\"article:modified_time\" content=\"2020-09-15T16:59:30+00:00\" \/>\n<meta property=\"og:image\" content=\"https:\/\/www.itap.it\/wp-content\/uploads\/itap-logo.jpg\" \/>\n\t<meta property=\"og:image:width\" content=\"1200\" \/>\n\t<meta property=\"og:image:height\" content=\"675\" \/>\n\t<meta property=\"og:image:type\" content=\"image\/jpeg\" \/>\n<meta name=\"twitter:card\" content=\"summary_large_image\" \/>\n<meta name=\"twitter:label1\" content=\"Gesch\u00e4tzte Lesezeit\" \/>\n\t<meta name=\"twitter:data1\" content=\"2\u00a0Minuten\" \/>\n<script type=\"application\/ld+json\" class=\"yoast-schema-graph\">{\"@context\":\"https:\\\/\\\/schema.org\",\"@graph\":[{\"@type\":\"WebPage\",\"@id\":\"https:\\\/\\\/www.itap.it\\\/de\\\/allgemeine-verkaufsbedingungen\\\/\",\"url\":\"https:\\\/\\\/www.itap.it\\\/de\\\/allgemeine-verkaufsbedingungen\\\/\",\"name\":\"Allgemeine Verkaufsbedingungen | Itap\",\"isPartOf\":{\"@id\":\"https:\\\/\\\/www.itap.it\\\/de\\\/#website\"},\"datePublished\":\"2020-08-10T07:30:41+00:00\",\"dateModified\":\"2020-09-15T16:59:30+00:00\",\"breadcrumb\":{\"@id\":\"https:\\\/\\\/www.itap.it\\\/de\\\/allgemeine-verkaufsbedingungen\\\/#breadcrumb\"},\"inLanguage\":\"de\",\"potentialAction\":[{\"@type\":\"ReadAction\",\"target\":[\"https:\\\/\\\/www.itap.it\\\/de\\\/allgemeine-verkaufsbedingungen\\\/\"]}]},{\"@type\":\"BreadcrumbList\",\"@id\":\"https:\\\/\\\/www.itap.it\\\/de\\\/allgemeine-verkaufsbedingungen\\\/#breadcrumb\",\"itemListElement\":[{\"@type\":\"ListItem\",\"position\":1,\"name\":\"Home\",\"item\":\"https:\\\/\\\/www.itap.it\\\/de\\\/\"},{\"@type\":\"ListItem\",\"position\":2,\"name\":\"Allgemeine Verkaufsbedingungen\"}]},{\"@type\":\"WebSite\",\"@id\":\"https:\\\/\\\/www.itap.it\\\/de\\\/#website\",\"url\":\"https:\\\/\\\/www.itap.it\\\/de\\\/\",\"name\":\"Itap\",\"description\":\"\",\"publisher\":{\"@id\":\"https:\\\/\\\/www.itap.it\\\/de\\\/#organization\"},\"potentialAction\":[{\"@type\":\"SearchAction\",\"target\":{\"@type\":\"EntryPoint\",\"urlTemplate\":\"https:\\\/\\\/www.itap.it\\\/de\\\/?s={search_term_string}\"},\"query-input\":{\"@type\":\"PropertyValueSpecification\",\"valueRequired\":true,\"valueName\":\"search_term_string\"}}],\"inLanguage\":\"de\"},{\"@type\":\"Organization\",\"@id\":\"https:\\\/\\\/www.itap.it\\\/de\\\/#organization\",\"name\":\"ITAP S.p.A\",\"url\":\"https:\\\/\\\/www.itap.it\\\/de\\\/\",\"logo\":{\"@type\":\"ImageObject\",\"inLanguage\":\"de\",\"@id\":\"https:\\\/\\\/www.itap.it\\\/de\\\/#\\\/schema\\\/logo\\\/image\\\/\",\"url\":\"https:\\\/\\\/www.itap.it\\\/wp-content\\\/uploads\\\/itap-logo-red.png\",\"contentUrl\":\"https:\\\/\\\/www.itap.it\\\/wp-content\\\/uploads\\\/itap-logo-red.png\",\"width\":3840,\"height\":1351,\"caption\":\"ITAP S.p.A\"},\"image\":{\"@id\":\"https:\\\/\\\/www.itap.it\\\/de\\\/#\\\/schema\\\/logo\\\/image\\\/\"},\"sameAs\":[\"https:\\\/\\\/www.facebook.com\\\/ITAPspa\\\/\",\"https:\\\/\\\/www.instagram.com\\\/itapspa\",\"https:\\\/\\\/www.linkedin.com\\\/company\\\/itapspa-valves-heating-fittings\\\/\"]}]}<\/script>\n<!-- \/ Yoast SEO plugin. -->","yoast_head_json":{"title":"Allgemeine Verkaufsbedingungen | Itap","robots":{"index":"index","follow":"follow","max-snippet":"max-snippet:-1","max-image-preview":"max-image-preview:large","max-video-preview":"max-video-preview:-1"},"canonical":"https:\/\/www.itap.it\/de\/allgemeine-verkaufsbedingungen\/","og_locale":"de_DE","og_type":"article","og_title":"Allgemeine Verkaufsbedingungen | Itap","og_description":"Die hier vorliegenden Allgemeinen Gesch\u00e4ftsbedingungen werden durch die Aufgabe der Bestellung vom Kunden akzeptiert. Alle Zeichnungen oder technische Dokumente bez\u00fcglich unserer Produkte, auch wenn sie [&hellip;]","og_url":"https:\/\/www.itap.it\/de\/allgemeine-verkaufsbedingungen\/","og_site_name":"Itap","article_publisher":"https:\/\/www.facebook.com\/ITAPspa\/","article_modified_time":"2020-09-15T16:59:30+00:00","og_image":[{"width":1200,"height":675,"url":"https:\/\/www.itap.it\/wp-content\/uploads\/itap-logo.jpg","type":"image\/jpeg"}],"twitter_card":"summary_large_image","twitter_misc":{"Gesch\u00e4tzte Lesezeit":"2\u00a0Minuten"},"schema":{"@context":"https:\/\/schema.org","@graph":[{"@type":"WebPage","@id":"https:\/\/www.itap.it\/de\/allgemeine-verkaufsbedingungen\/","url":"https:\/\/www.itap.it\/de\/allgemeine-verkaufsbedingungen\/","name":"Allgemeine Verkaufsbedingungen | Itap","isPartOf":{"@id":"https:\/\/www.itap.it\/de\/#website"},"datePublished":"2020-08-10T07:30:41+00:00","dateModified":"2020-09-15T16:59:30+00:00","breadcrumb":{"@id":"https:\/\/www.itap.it\/de\/allgemeine-verkaufsbedingungen\/#breadcrumb"},"inLanguage":"de","potentialAction":[{"@type":"ReadAction","target":["https:\/\/www.itap.it\/de\/allgemeine-verkaufsbedingungen\/"]}]},{"@type":"BreadcrumbList","@id":"https:\/\/www.itap.it\/de\/allgemeine-verkaufsbedingungen\/#breadcrumb","itemListElement":[{"@type":"ListItem","position":1,"name":"Home","item":"https:\/\/www.itap.it\/de\/"},{"@type":"ListItem","position":2,"name":"Allgemeine Verkaufsbedingungen"}]},{"@type":"WebSite","@id":"https:\/\/www.itap.it\/de\/#website","url":"https:\/\/www.itap.it\/de\/","name":"Itap","description":"","publisher":{"@id":"https:\/\/www.itap.it\/de\/#organization"},"potentialAction":[{"@type":"SearchAction","target":{"@type":"EntryPoint","urlTemplate":"https:\/\/www.itap.it\/de\/?s={search_term_string}"},"query-input":{"@type":"PropertyValueSpecification","valueRequired":true,"valueName":"search_term_string"}}],"inLanguage":"de"},{"@type":"Organization","@id":"https:\/\/www.itap.it\/de\/#organization","name":"ITAP S.p.A","url":"https:\/\/www.itap.it\/de\/","logo":{"@type":"ImageObject","inLanguage":"de","@id":"https:\/\/www.itap.it\/de\/#\/schema\/logo\/image\/","url":"https:\/\/www.itap.it\/wp-content\/uploads\/itap-logo-red.png","contentUrl":"https:\/\/www.itap.it\/wp-content\/uploads\/itap-logo-red.png","width":3840,"height":1351,"caption":"ITAP S.p.A"},"image":{"@id":"https:\/\/www.itap.it\/de\/#\/schema\/logo\/image\/"},"sameAs":["https:\/\/www.facebook.com\/ITAPspa\/","https:\/\/www.instagram.com\/itapspa","https:\/\/www.linkedin.com\/company\/itapspa-valves-heating-fittings\/"]}]}},"_links":{"self":[{"href":"https:\/\/www.itap.it\/de\/wp-json\/wp\/v2\/pages\/1872","targetHints":{"allow":["GET"]}}],"collection":[{"href":"https:\/\/www.itap.it\/de\/wp-json\/wp\/v2\/pages"}],"about":[{"href":"https:\/\/www.itap.it\/de\/wp-json\/wp\/v2\/types\/page"}],"author":[{"embeddable":true,"href":"https:\/\/www.itap.it\/de\/wp-json\/wp\/v2\/users\/1"}],"replies":[{"embeddable":true,"href":"https:\/\/www.itap.it\/de\/wp-json\/wp\/v2\/comments?post=1872"}],"version-history":[{"count":1,"href":"https:\/\/www.itap.it\/de\/wp-json\/wp\/v2\/pages\/1872\/revisions"}],"predecessor-version":[{"id":1873,"href":"https:\/\/www.itap.it\/de\/wp-json\/wp\/v2\/pages\/1872\/revisions\/1873"}],"wp:attachment":[{"href":"https:\/\/www.itap.it\/de\/wp-json\/wp\/v2\/media?parent=1872"}],"curies":[{"name":"wp","href":"https:\/\/api.w.org\/{rel}","templated":true}]}}