{"id":1874,"date":"2020-08-10T09:30:41","date_gmt":"2020-08-10T07:30:41","guid":{"rendered":"http:\/\/www.itap.it\/general-sales-condition\/"},"modified":"2020-09-15T19:02:27","modified_gmt":"2020-09-15T17:02:27","slug":"general-sales-condition","status":"publish","type":"page","link":"https:\/\/www.itap.it\/es\/general-sales-condition\/","title":{"rendered":"Condiciones Generales De Venta"},"content":{"rendered":"\n<ol class=\"wp-block-list\"><li>Las presentes condiciones generales de venta se consideran aceptadas por el cliente con la entrega del pedido.<\/li><li>Cualquier dibujo o documento t\u00e9cnico relativo a nuestros productos, aunque se haya remitido al cliente, permanece siempre de nuestra exclusiva propiedad y no puede ser utilizado por el cliente, copiado, reproducido, transmitido o comunicado a terceros sin nuestra autorizaci\u00f3n.<\/li><li>El cliente no puede restituir por ninguna raz\u00f3n material, sin la autorizaci\u00f3n expresa de nuestra oficina de ventas. Las reclamaciones por mercanc\u00eda ausente o entregada err\u00f3neamente nos deben llegar en los 30 d\u00edas despu\u00e9s de la fecha de recepci\u00f3n de la mercanc\u00eda.<\/li><li>Los productos se garantizan por anomal\u00edas de fabricaci\u00f3n por un plazo de 24 meses a partir del env\u00edo. Se declina cualquier responsabilidad resultante de la instalaci\u00f3n incorrecta o del uso de los productos vendidos no conforme con las condiciones operativas indicadas en el cat\u00e1logo.<\/li><li>Eventuales reclamaciones o quejas no dan de ninguna manera al cliente el derecho de omitir o atrasar los pagos del suministro.<\/li><li>Los plazos de entrega de cada pedido deben ser compatibles con la disponibilidad de la mercanc\u00eda por parte del vendedor y se deben concordar en el momento del pedido.<\/li><li>Todos los productos vendidos pasar\u00e1n a ser de propiedad del comprador a la entrega, ante el almac\u00e9n del vendedor.<\/li><li>En la hip\u00f3tesis de suministros continuos se pueden suspender los suministros en caso de que el comprador no cumpla con una sola de las condiciones particulares o generales acordadas.<\/li><li>El almac\u00e9n para la carga de la mercanc\u00eda es el siguiente: ITAP S.p.A., Via Industriale 39, Zona Industriale Moie, 25050 Rodengo Saiano, Brescia, Italia.<\/li><li>Posibles excepciones a nuestras condiciones generales deber\u00e1n ser acordadas entre las partes por escrito.<\/li><li>Para cualquier controversia judicial, el tribunal competente es el de Brescia.<\/li><\/ol>\n\n\n\n<p>Cualquier da\u00f1o causado por algun producto nuestro supuestamente defectuoso tendr\u00e0 que ser avisado inmediatamente, indicando el nombre del da\u00f1ado y el monto aproximado de los da\u00f1os. Luego se tendr\u00e0n que enviar fotos relacionadas con el da\u00f1o y el producto objecto de la queja para nuestra evaluaci\u00f3n t\u00e9cnica. Todo lo que pueda indicar la magnitud de los da\u00f1os debe mantenerse a nuestra disposici\u00f3n hasta el cierre del expediente.<\/p>\n\n\n\n<p>Lo arriba es necesario para activar el respectivo expediente en la empresa de seguros.<\/p>\n","protected":false},"excerpt":{"rendered":"<p>Las presentes condiciones generales de venta se consideran aceptadas por el cliente con la entrega del pedido. Cualquier dibujo o documento t\u00e9cnico relativo a nuestros [&hellip;]<\/p>\n","protected":false},"author":1,"featured_media":0,"parent":0,"menu_order":0,"comment_status":"closed","ping_status":"closed","template":"","meta":{"_acf_changed":false,"footnotes":""},"class_list":["post-1874","page","type-page","status-publish","hentry"],"acf":[],"yoast_head":"<!-- This site is optimized with the Yoast SEO plugin v27.4 - https:\/\/yoast.com\/product\/yoast-seo-wordpress\/ -->\n<title>Condiciones Generales De Venta | Itap<\/title>\n<meta name=\"robots\" content=\"index, follow, max-snippet:-1, max-image-preview:large, max-video-preview:-1\" \/>\n<link rel=\"canonical\" href=\"https:\/\/www.itap.it\/es\/general-sales-condition\/\" \/>\n<meta property=\"og:locale\" content=\"es_ES\" \/>\n<meta property=\"og:type\" content=\"article\" \/>\n<meta property=\"og:title\" content=\"Condiciones Generales De Venta | Itap\" \/>\n<meta property=\"og:description\" content=\"Las presentes condiciones generales de venta se consideran aceptadas por el cliente con la entrega del pedido. Cualquier dibujo o documento t\u00e9cnico relativo a nuestros [&hellip;]\" \/>\n<meta property=\"og:url\" content=\"https:\/\/www.itap.it\/es\/general-sales-condition\/\" \/>\n<meta property=\"og:site_name\" content=\"Itap\" \/>\n<meta property=\"article:publisher\" content=\"https:\/\/www.facebook.com\/ITAPspa\/\" \/>\n<meta property=\"article:modified_time\" content=\"2020-09-15T17:02:27+00:00\" \/>\n<meta property=\"og:image\" content=\"https:\/\/www.itap.it\/wp-content\/uploads\/itap-logo.jpg\" \/>\n\t<meta property=\"og:image:width\" content=\"1200\" \/>\n\t<meta property=\"og:image:height\" content=\"675\" \/>\n\t<meta property=\"og:image:type\" content=\"image\/jpeg\" \/>\n<meta name=\"twitter:card\" content=\"summary_large_image\" \/>\n<meta name=\"twitter:label1\" content=\"Tiempo de lectura\" \/>\n\t<meta name=\"twitter:data1\" content=\"2 minutos\" \/>\n<script type=\"application\/ld+json\" class=\"yoast-schema-graph\">{\"@context\":\"https:\\\/\\\/schema.org\",\"@graph\":[{\"@type\":\"WebPage\",\"@id\":\"https:\\\/\\\/www.itap.it\\\/es\\\/general-sales-condition\\\/\",\"url\":\"https:\\\/\\\/www.itap.it\\\/es\\\/general-sales-condition\\\/\",\"name\":\"Condiciones Generales De Venta | Itap\",\"isPartOf\":{\"@id\":\"https:\\\/\\\/www.itap.it\\\/es\\\/#website\"},\"datePublished\":\"2020-08-10T07:30:41+00:00\",\"dateModified\":\"2020-09-15T17:02:27+00:00\",\"breadcrumb\":{\"@id\":\"https:\\\/\\\/www.itap.it\\\/es\\\/general-sales-condition\\\/#breadcrumb\"},\"inLanguage\":\"es\",\"potentialAction\":[{\"@type\":\"ReadAction\",\"target\":[\"https:\\\/\\\/www.itap.it\\\/es\\\/general-sales-condition\\\/\"]}]},{\"@type\":\"BreadcrumbList\",\"@id\":\"https:\\\/\\\/www.itap.it\\\/es\\\/general-sales-condition\\\/#breadcrumb\",\"itemListElement\":[{\"@type\":\"ListItem\",\"position\":1,\"name\":\"Home\",\"item\":\"https:\\\/\\\/www.itap.it\\\/es\\\/\"},{\"@type\":\"ListItem\",\"position\":2,\"name\":\"Condiciones Generales De Venta\"}]},{\"@type\":\"WebSite\",\"@id\":\"https:\\\/\\\/www.itap.it\\\/es\\\/#website\",\"url\":\"https:\\\/\\\/www.itap.it\\\/es\\\/\",\"name\":\"Itap\",\"description\":\"\",\"publisher\":{\"@id\":\"https:\\\/\\\/www.itap.it\\\/es\\\/#organization\"},\"potentialAction\":[{\"@type\":\"SearchAction\",\"target\":{\"@type\":\"EntryPoint\",\"urlTemplate\":\"https:\\\/\\\/www.itap.it\\\/es\\\/?s={search_term_string}\"},\"query-input\":{\"@type\":\"PropertyValueSpecification\",\"valueRequired\":true,\"valueName\":\"search_term_string\"}}],\"inLanguage\":\"es\"},{\"@type\":\"Organization\",\"@id\":\"https:\\\/\\\/www.itap.it\\\/es\\\/#organization\",\"name\":\"ITAP S.p.A\",\"url\":\"https:\\\/\\\/www.itap.it\\\/es\\\/\",\"logo\":{\"@type\":\"ImageObject\",\"inLanguage\":\"es\",\"@id\":\"https:\\\/\\\/www.itap.it\\\/es\\\/#\\\/schema\\\/logo\\\/image\\\/\",\"url\":\"https:\\\/\\\/www.itap.it\\\/wp-content\\\/uploads\\\/itap-logo-red.png\",\"contentUrl\":\"https:\\\/\\\/www.itap.it\\\/wp-content\\\/uploads\\\/itap-logo-red.png\",\"width\":3840,\"height\":1351,\"caption\":\"ITAP S.p.A\"},\"image\":{\"@id\":\"https:\\\/\\\/www.itap.it\\\/es\\\/#\\\/schema\\\/logo\\\/image\\\/\"},\"sameAs\":[\"https:\\\/\\\/www.facebook.com\\\/ITAPspa\\\/\",\"https:\\\/\\\/www.instagram.com\\\/itapspa\",\"https:\\\/\\\/www.linkedin.com\\\/company\\\/itapspa-valves-heating-fittings\\\/\"]}]}<\/script>\n<!-- \/ Yoast SEO plugin. -->","yoast_head_json":{"title":"Condiciones Generales De Venta | Itap","robots":{"index":"index","follow":"follow","max-snippet":"max-snippet:-1","max-image-preview":"max-image-preview:large","max-video-preview":"max-video-preview:-1"},"canonical":"https:\/\/www.itap.it\/es\/general-sales-condition\/","og_locale":"es_ES","og_type":"article","og_title":"Condiciones Generales De Venta | Itap","og_description":"Las presentes condiciones generales de venta se consideran aceptadas por el cliente con la entrega del pedido. Cualquier dibujo o documento t\u00e9cnico relativo a nuestros [&hellip;]","og_url":"https:\/\/www.itap.it\/es\/general-sales-condition\/","og_site_name":"Itap","article_publisher":"https:\/\/www.facebook.com\/ITAPspa\/","article_modified_time":"2020-09-15T17:02:27+00:00","og_image":[{"width":1200,"height":675,"url":"https:\/\/www.itap.it\/wp-content\/uploads\/itap-logo.jpg","type":"image\/jpeg"}],"twitter_card":"summary_large_image","twitter_misc":{"Tiempo de lectura":"2 minutos"},"schema":{"@context":"https:\/\/schema.org","@graph":[{"@type":"WebPage","@id":"https:\/\/www.itap.it\/es\/general-sales-condition\/","url":"https:\/\/www.itap.it\/es\/general-sales-condition\/","name":"Condiciones Generales De Venta | Itap","isPartOf":{"@id":"https:\/\/www.itap.it\/es\/#website"},"datePublished":"2020-08-10T07:30:41+00:00","dateModified":"2020-09-15T17:02:27+00:00","breadcrumb":{"@id":"https:\/\/www.itap.it\/es\/general-sales-condition\/#breadcrumb"},"inLanguage":"es","potentialAction":[{"@type":"ReadAction","target":["https:\/\/www.itap.it\/es\/general-sales-condition\/"]}]},{"@type":"BreadcrumbList","@id":"https:\/\/www.itap.it\/es\/general-sales-condition\/#breadcrumb","itemListElement":[{"@type":"ListItem","position":1,"name":"Home","item":"https:\/\/www.itap.it\/es\/"},{"@type":"ListItem","position":2,"name":"Condiciones Generales De Venta"}]},{"@type":"WebSite","@id":"https:\/\/www.itap.it\/es\/#website","url":"https:\/\/www.itap.it\/es\/","name":"Itap","description":"","publisher":{"@id":"https:\/\/www.itap.it\/es\/#organization"},"potentialAction":[{"@type":"SearchAction","target":{"@type":"EntryPoint","urlTemplate":"https:\/\/www.itap.it\/es\/?s={search_term_string}"},"query-input":{"@type":"PropertyValueSpecification","valueRequired":true,"valueName":"search_term_string"}}],"inLanguage":"es"},{"@type":"Organization","@id":"https:\/\/www.itap.it\/es\/#organization","name":"ITAP S.p.A","url":"https:\/\/www.itap.it\/es\/","logo":{"@type":"ImageObject","inLanguage":"es","@id":"https:\/\/www.itap.it\/es\/#\/schema\/logo\/image\/","url":"https:\/\/www.itap.it\/wp-content\/uploads\/itap-logo-red.png","contentUrl":"https:\/\/www.itap.it\/wp-content\/uploads\/itap-logo-red.png","width":3840,"height":1351,"caption":"ITAP S.p.A"},"image":{"@id":"https:\/\/www.itap.it\/es\/#\/schema\/logo\/image\/"},"sameAs":["https:\/\/www.facebook.com\/ITAPspa\/","https:\/\/www.instagram.com\/itapspa","https:\/\/www.linkedin.com\/company\/itapspa-valves-heating-fittings\/"]}]}},"_links":{"self":[{"href":"https:\/\/www.itap.it\/es\/wp-json\/wp\/v2\/pages\/1874","targetHints":{"allow":["GET"]}}],"collection":[{"href":"https:\/\/www.itap.it\/es\/wp-json\/wp\/v2\/pages"}],"about":[{"href":"https:\/\/www.itap.it\/es\/wp-json\/wp\/v2\/types\/page"}],"author":[{"embeddable":true,"href":"https:\/\/www.itap.it\/es\/wp-json\/wp\/v2\/users\/1"}],"replies":[{"embeddable":true,"href":"https:\/\/www.itap.it\/es\/wp-json\/wp\/v2\/comments?post=1874"}],"version-history":[{"count":2,"href":"https:\/\/www.itap.it\/es\/wp-json\/wp\/v2\/pages\/1874\/revisions"}],"predecessor-version":[{"id":8311,"href":"https:\/\/www.itap.it\/es\/wp-json\/wp\/v2\/pages\/1874\/revisions\/8311"}],"wp:attachment":[{"href":"https:\/\/www.itap.it\/es\/wp-json\/wp\/v2\/media?parent=1874"}],"curies":[{"name":"wp","href":"https:\/\/api.w.org\/{rel}","templated":true}]}}