{"id":1870,"date":"2020-08-10T09:30:41","date_gmt":"2020-08-10T07:30:41","guid":{"rendered":"http:\/\/www.itap.it\/general-sales-condition\/"},"modified":"2020-09-15T18:57:05","modified_gmt":"2020-09-15T16:57:05","slug":"conditions-generales-de-vente","status":"publish","type":"page","link":"https:\/\/www.itap.it\/fr\/conditions-generales-de-vente\/","title":{"rendered":"Conditions G\u00e9n\u00e9rales De Vente"},"content":{"rendered":"\n<ol class=\"wp-block-list\"><li>Les pr\u00e9sentes conditions g\u00e9n\u00e9rales de vente sont consid\u00e9r\u00e9es comme accept\u00e9es par le client d\u00e8s le passage de la commande.<\/li><li>Tout dessin ou document technique relatif \u00e0 nos produits, m\u00eame remis au client, reste notre propri\u00e9t\u00e9 exclusive et ne peut \u00eatre utilis\u00e9 par le client, copi\u00e9, reproduit, transmis ou communiqu\u00e9 \u00e0 des tiers sans notre autorisation.<\/li><li>Le client ne pourra en aucun cas restituer du mat\u00e9riel sans l&rsquo;autorisation expresse de notre service des ventes. Les r\u00e9clamations en cas de marchandise manquante ou de livraison incorrecte devront nous parvenir dans les 30 jours suivant la date de r\u00e9ception de la marchandise.<\/li><li>Les produits sont garantis pour toute anomalie de fabrication pendant 24 mois \u00e0 compter de la date d&rsquo;exp\u00e9dition. Nous d\u00e9clinons toute responsabilit\u00e9 li\u00e9e \u00e0 une installation erron\u00e9e ou \u00e0 une utilisation non conforme aux conditions de fonctionnement des produits indiqu\u00e9es dans le catalogue.<\/li><li>Les \u00e9ventuelles r\u00e9clamations ou contestations ne donneront en aucun cas le droit au client d&rsquo;omettre ou de retarder le paiement de la fourniture.<\/li><li>Les d\u00e9lais de livraison demand\u00e9s pour chaque ordre devront \u00eatre compatibles avec la disponibilit\u00e9 des marchandises aupr\u00e8s de la soci\u00e9t\u00e9 vendeuse et seront agr\u00e9\u00e9s au moment de la passation de la commande.<\/li><li>Tous les produits vendus deviennent de propri\u00e9t\u00e9 de l\u2019acheteur au moment de l\u2019exp\u00e9dition depuis du magasin du vendeur.<\/li><li>Dans l&rsquo;hypoth\u00e8se de la fourniture continue de marchandises, nous pourrons suspendre cette fourniture dans le cas l&rsquo;acqu\u00e9reur ne se conformerait pas \u00e0 une seule des conditions particuli\u00e8res ou g\u00e9n\u00e9rales fix\u00e9es.<\/li><li>L&rsquo;entrep\u00f4t pour le chargement de la marchandise est le suivant: ITAP SpA, Via Industriale 39, Zona Industriale Moie, 25050 Rodengo Saiano, Brescia, Italy.<\/li><li>Les \u00e9ventuelles d\u00e9rogations aux pr\u00e9sentes conditions particuli\u00e8res et g\u00e9n\u00e9rales devront \u00eatre convenues entre les parties par \u00e9crit.<\/li><li>Il est attribu\u00e9 comp\u00e9tence exclusive pour tous les litiges qui s\u2019\u00e9l\u00e8veraient entre les parties \u00e0 l\u2019occasion de leurs rapport commerciaux au tribunal de Brescia.<\/li><\/ol>\n\n\n\n<p>Un \u00e9ventuel dommage caus\u00e9 par un de nos produits, pr\u00e9sum\u00e9 d\u00e9fectueux, devra&nbsp; \u00eatre signal\u00e9, en communiquant le nom du sinistr\u00e9 et le montant approximatif du dommage. Ensuite il faudra envoyer des photographies relatives au dommage et du produit incrimin\u00e9, pour la v\u00e9rification technique. Tous les indices pouvant mettre en \u00e9vidence l\u2019entit\u00e9 du dommage devront \u00eatre tenus \u00e0 notre disposition jusqu\u2019\u00e0 la clot\u00fbre du dossier.<\/p>\n\n\n\n<p>Tout ce qui est indiqu\u00e9 ci\u2013avant est n\u00e9cessaire pour l\u2019ouverture du dossier aupr\u00e8s de notre assurance.<\/p>\n","protected":false},"excerpt":{"rendered":"<p>Les pr\u00e9sentes conditions g\u00e9n\u00e9rales de vente sont consid\u00e9r\u00e9es comme accept\u00e9es par le client d\u00e8s le passage de la commande. Tout dessin ou document technique relatif [&hellip;]<\/p>\n","protected":false},"author":1,"featured_media":0,"parent":0,"menu_order":0,"comment_status":"closed","ping_status":"closed","template":"","meta":{"_acf_changed":false,"footnotes":""},"class_list":["post-1870","page","type-page","status-publish","hentry"],"acf":[],"yoast_head":"<!-- This site is optimized with the Yoast SEO plugin v27.4 - https:\/\/yoast.com\/product\/yoast-seo-wordpress\/ -->\n<title>Conditions G\u00e9n\u00e9rales De Vente | Itap<\/title>\n<meta name=\"robots\" content=\"index, follow, max-snippet:-1, max-image-preview:large, max-video-preview:-1\" \/>\n<link rel=\"canonical\" href=\"https:\/\/www.itap.it\/fr\/conditions-generales-de-vente\/\" \/>\n<meta property=\"og:locale\" content=\"fr_FR\" \/>\n<meta property=\"og:type\" content=\"article\" \/>\n<meta property=\"og:title\" content=\"Conditions G\u00e9n\u00e9rales De Vente | Itap\" \/>\n<meta property=\"og:description\" content=\"Les pr\u00e9sentes conditions g\u00e9n\u00e9rales de vente sont consid\u00e9r\u00e9es comme accept\u00e9es par le client d\u00e8s le passage de la commande. Tout dessin ou document technique relatif [&hellip;]\" \/>\n<meta property=\"og:url\" content=\"https:\/\/www.itap.it\/fr\/conditions-generales-de-vente\/\" \/>\n<meta property=\"og:site_name\" content=\"Itap\" \/>\n<meta property=\"article:publisher\" content=\"https:\/\/www.facebook.com\/ITAPspa\/\" \/>\n<meta property=\"article:modified_time\" content=\"2020-09-15T16:57:05+00:00\" \/>\n<meta property=\"og:image\" content=\"https:\/\/www.itap.it\/wp-content\/uploads\/itap-logo.jpg\" \/>\n\t<meta property=\"og:image:width\" content=\"1200\" \/>\n\t<meta property=\"og:image:height\" content=\"675\" \/>\n\t<meta property=\"og:image:type\" content=\"image\/jpeg\" \/>\n<meta name=\"twitter:card\" content=\"summary_large_image\" \/>\n<meta name=\"twitter:label1\" content=\"Dur\u00e9e de lecture estim\u00e9e\" \/>\n\t<meta name=\"twitter:data1\" content=\"2 minutes\" \/>\n<script type=\"application\/ld+json\" class=\"yoast-schema-graph\">{\"@context\":\"https:\\\/\\\/schema.org\",\"@graph\":[{\"@type\":\"WebPage\",\"@id\":\"https:\\\/\\\/www.itap.it\\\/fr\\\/conditions-generales-de-vente\\\/\",\"url\":\"https:\\\/\\\/www.itap.it\\\/fr\\\/conditions-generales-de-vente\\\/\",\"name\":\"Conditions G\u00e9n\u00e9rales De Vente | Itap\",\"isPartOf\":{\"@id\":\"https:\\\/\\\/www.itap.it\\\/fr\\\/#website\"},\"datePublished\":\"2020-08-10T07:30:41+00:00\",\"dateModified\":\"2020-09-15T16:57:05+00:00\",\"breadcrumb\":{\"@id\":\"https:\\\/\\\/www.itap.it\\\/fr\\\/conditions-generales-de-vente\\\/#breadcrumb\"},\"inLanguage\":\"fr-FR\",\"potentialAction\":[{\"@type\":\"ReadAction\",\"target\":[\"https:\\\/\\\/www.itap.it\\\/fr\\\/conditions-generales-de-vente\\\/\"]}]},{\"@type\":\"BreadcrumbList\",\"@id\":\"https:\\\/\\\/www.itap.it\\\/fr\\\/conditions-generales-de-vente\\\/#breadcrumb\",\"itemListElement\":[{\"@type\":\"ListItem\",\"position\":1,\"name\":\"Home\",\"item\":\"https:\\\/\\\/www.itap.it\\\/fr\\\/\"},{\"@type\":\"ListItem\",\"position\":2,\"name\":\"Conditions G\u00e9n\u00e9rales De Vente\"}]},{\"@type\":\"WebSite\",\"@id\":\"https:\\\/\\\/www.itap.it\\\/fr\\\/#website\",\"url\":\"https:\\\/\\\/www.itap.it\\\/fr\\\/\",\"name\":\"Itap\",\"description\":\"\",\"publisher\":{\"@id\":\"https:\\\/\\\/www.itap.it\\\/fr\\\/#organization\"},\"potentialAction\":[{\"@type\":\"SearchAction\",\"target\":{\"@type\":\"EntryPoint\",\"urlTemplate\":\"https:\\\/\\\/www.itap.it\\\/fr\\\/?s={search_term_string}\"},\"query-input\":{\"@type\":\"PropertyValueSpecification\",\"valueRequired\":true,\"valueName\":\"search_term_string\"}}],\"inLanguage\":\"fr-FR\"},{\"@type\":\"Organization\",\"@id\":\"https:\\\/\\\/www.itap.it\\\/fr\\\/#organization\",\"name\":\"ITAP S.p.A\",\"url\":\"https:\\\/\\\/www.itap.it\\\/fr\\\/\",\"logo\":{\"@type\":\"ImageObject\",\"inLanguage\":\"fr-FR\",\"@id\":\"https:\\\/\\\/www.itap.it\\\/fr\\\/#\\\/schema\\\/logo\\\/image\\\/\",\"url\":\"https:\\\/\\\/www.itap.it\\\/wp-content\\\/uploads\\\/itap-logo-red.png\",\"contentUrl\":\"https:\\\/\\\/www.itap.it\\\/wp-content\\\/uploads\\\/itap-logo-red.png\",\"width\":3840,\"height\":1351,\"caption\":\"ITAP S.p.A\"},\"image\":{\"@id\":\"https:\\\/\\\/www.itap.it\\\/fr\\\/#\\\/schema\\\/logo\\\/image\\\/\"},\"sameAs\":[\"https:\\\/\\\/www.facebook.com\\\/ITAPspa\\\/\",\"https:\\\/\\\/www.instagram.com\\\/itapspa\",\"https:\\\/\\\/www.linkedin.com\\\/company\\\/itapspa-valves-heating-fittings\\\/\"]}]}<\/script>\n<!-- \/ Yoast SEO plugin. -->","yoast_head_json":{"title":"Conditions G\u00e9n\u00e9rales De Vente | Itap","robots":{"index":"index","follow":"follow","max-snippet":"max-snippet:-1","max-image-preview":"max-image-preview:large","max-video-preview":"max-video-preview:-1"},"canonical":"https:\/\/www.itap.it\/fr\/conditions-generales-de-vente\/","og_locale":"fr_FR","og_type":"article","og_title":"Conditions G\u00e9n\u00e9rales De Vente | Itap","og_description":"Les pr\u00e9sentes conditions g\u00e9n\u00e9rales de vente sont consid\u00e9r\u00e9es comme accept\u00e9es par le client d\u00e8s le passage de la commande. Tout dessin ou document technique relatif [&hellip;]","og_url":"https:\/\/www.itap.it\/fr\/conditions-generales-de-vente\/","og_site_name":"Itap","article_publisher":"https:\/\/www.facebook.com\/ITAPspa\/","article_modified_time":"2020-09-15T16:57:05+00:00","og_image":[{"width":1200,"height":675,"url":"https:\/\/www.itap.it\/wp-content\/uploads\/itap-logo.jpg","type":"image\/jpeg"}],"twitter_card":"summary_large_image","twitter_misc":{"Dur\u00e9e de lecture estim\u00e9e":"2 minutes"},"schema":{"@context":"https:\/\/schema.org","@graph":[{"@type":"WebPage","@id":"https:\/\/www.itap.it\/fr\/conditions-generales-de-vente\/","url":"https:\/\/www.itap.it\/fr\/conditions-generales-de-vente\/","name":"Conditions G\u00e9n\u00e9rales De Vente | Itap","isPartOf":{"@id":"https:\/\/www.itap.it\/fr\/#website"},"datePublished":"2020-08-10T07:30:41+00:00","dateModified":"2020-09-15T16:57:05+00:00","breadcrumb":{"@id":"https:\/\/www.itap.it\/fr\/conditions-generales-de-vente\/#breadcrumb"},"inLanguage":"fr-FR","potentialAction":[{"@type":"ReadAction","target":["https:\/\/www.itap.it\/fr\/conditions-generales-de-vente\/"]}]},{"@type":"BreadcrumbList","@id":"https:\/\/www.itap.it\/fr\/conditions-generales-de-vente\/#breadcrumb","itemListElement":[{"@type":"ListItem","position":1,"name":"Home","item":"https:\/\/www.itap.it\/fr\/"},{"@type":"ListItem","position":2,"name":"Conditions G\u00e9n\u00e9rales De Vente"}]},{"@type":"WebSite","@id":"https:\/\/www.itap.it\/fr\/#website","url":"https:\/\/www.itap.it\/fr\/","name":"Itap","description":"","publisher":{"@id":"https:\/\/www.itap.it\/fr\/#organization"},"potentialAction":[{"@type":"SearchAction","target":{"@type":"EntryPoint","urlTemplate":"https:\/\/www.itap.it\/fr\/?s={search_term_string}"},"query-input":{"@type":"PropertyValueSpecification","valueRequired":true,"valueName":"search_term_string"}}],"inLanguage":"fr-FR"},{"@type":"Organization","@id":"https:\/\/www.itap.it\/fr\/#organization","name":"ITAP S.p.A","url":"https:\/\/www.itap.it\/fr\/","logo":{"@type":"ImageObject","inLanguage":"fr-FR","@id":"https:\/\/www.itap.it\/fr\/#\/schema\/logo\/image\/","url":"https:\/\/www.itap.it\/wp-content\/uploads\/itap-logo-red.png","contentUrl":"https:\/\/www.itap.it\/wp-content\/uploads\/itap-logo-red.png","width":3840,"height":1351,"caption":"ITAP S.p.A"},"image":{"@id":"https:\/\/www.itap.it\/fr\/#\/schema\/logo\/image\/"},"sameAs":["https:\/\/www.facebook.com\/ITAPspa\/","https:\/\/www.instagram.com\/itapspa","https:\/\/www.linkedin.com\/company\/itapspa-valves-heating-fittings\/"]}]}},"_links":{"self":[{"href":"https:\/\/www.itap.it\/fr\/wp-json\/wp\/v2\/pages\/1870","targetHints":{"allow":["GET"]}}],"collection":[{"href":"https:\/\/www.itap.it\/fr\/wp-json\/wp\/v2\/pages"}],"about":[{"href":"https:\/\/www.itap.it\/fr\/wp-json\/wp\/v2\/types\/page"}],"author":[{"embeddable":true,"href":"https:\/\/www.itap.it\/fr\/wp-json\/wp\/v2\/users\/1"}],"replies":[{"embeddable":true,"href":"https:\/\/www.itap.it\/fr\/wp-json\/wp\/v2\/comments?post=1870"}],"version-history":[{"count":1,"href":"https:\/\/www.itap.it\/fr\/wp-json\/wp\/v2\/pages\/1870\/revisions"}],"predecessor-version":[{"id":1871,"href":"https:\/\/www.itap.it\/fr\/wp-json\/wp\/v2\/pages\/1870\/revisions\/1871"}],"wp:attachment":[{"href":"https:\/\/www.itap.it\/fr\/wp-json\/wp\/v2\/media?parent=1870"}],"curies":[{"name":"wp","href":"https:\/\/api.w.org\/{rel}","templated":true}]}}